{"id":985,"date":"2024-12-28T11:34:16","date_gmt":"2024-12-28T11:34:16","guid":{"rendered":"https:\/\/mandulaegeszsegkozpont.hu\/?page_id=985"},"modified":"2024-12-28T11:34:16","modified_gmt":"2024-12-28T11:34:16","slug":"talpreflexologia-hatekony-termeszetes-modszer-a-szervezet-tamogatasara","status":"publish","type":"page","link":"https:\/\/mandulaegeszsegkozpont.hu\/?page_id=985","title":{"rendered":"Talpreflexol\u00f3gia \u2013 Hat\u00e9kony, term\u00e9szetes m\u00f3dszer a szervezet t\u00e1mogat\u00e1s\u00e1ra"},"content":{"rendered":"\n<p>A talpreflexol\u00f3gia olyan manu\u00e1lis ter\u00e1pia, amely a talpon \u00e9s a l\u00e1bfejen tal\u00e1lhat\u00f3 idegpontok c\u00e9lzott \u00e9s ism\u00e9tl\u0151d\u0151 ingerl\u00e9s\u00e9vel seg\u00edti a szervezet \u00f6ngy\u00f3gy\u00edt\u00f3 folyamatait. A kezel\u00e9s sor\u00e1n a terapeuta prec\u00edz, hat\u00e1rozott mozdulatokkal dolgozik, amelyek \u00e1tmeneti f\u00e1jdalom\u00e9rzetet is kelthetnek, de ez \u00e1ltal\u00e1ban elviselhet\u0151 \u2013 m\u00e9g gyermekek sz\u00e1m\u00e1ra is.<\/p>\n\n\n\n\n\n<p>A m\u00f3dszer alapj\u00e1t a f\u00e1jdalomingeren alapul\u00f3 kondicion\u00e1l\u00e1s adja: a f\u00e1jdalom jelz\u00e9sk\u00e9nt m\u0171k\u00f6dik, amely az agy figyelm\u00e9t az adott ter\u00fcletre ir\u00e1ny\u00edtja. Ez a jelz\u00e9s lehet\u0151v\u00e9 teszi, hogy az \u00e9rintett szerv m\u0171k\u00f6d\u00e9s\u00e9ben pozit\u00edv v\u00e1ltoz\u00e1s k\u00f6vetkezzen be. Az idegp\u00e1ly\u00e1k pontos, szem\u00e9lyre szabott ingerl\u00e9se r\u00e9v\u00e9n a kezel\u00e9s egyszerre hat a testi (biol\u00f3giai-szomatikus) \u00e9s lelki folyamatokra.<\/p>\n\n\n\n\n\n<p>A reflexol\u00f3giai pontok stimul\u00e1l\u00e1sa rendk\u00edv\u00fcl alapos \u00e9s c\u00e9lzott, ez\u00e9rt fontos, hogy a kezel\u00e9st k\u00e9pzett \u00e9s tapasztalt szakemberek v\u00e9gezz\u00e9k. A talpon kereszt\u00fcl az eg\u00e9sz szervezet \u00e9s valamennyi bels\u0151 szerv el\u00e9rhet\u0151, ilyen m\u00f3don hat\u00e9konyan befoly\u00e1solhat\u00f3 \u2013 egyed\u00fcl\u00e1ll\u00f3 m\u00f3dszerk\u00e9nt.<\/p>\n\n\n\n\n\n<p>A kezel\u00e9s term\u00e9szet\u00e9n\u00e9l fogva mell\u00e9khat\u00e1s- \u00e9s kock\u00e1zatmentes. Az egy\u00e9nre szabott ingerhat\u00e1sok ism\u00e9tl\u00e9se r\u00e9v\u00e9n \u00e9rhet\u0151 el a k\u00edv\u00e1nt v\u00e1ltoz\u00e1s, amely a kezel\u00e9ssorozat sor\u00e1n r\u00f6gz\u00fcl. A kezdeti f\u00e1jdalom\u00e9rzet id\u0151vel cs\u00f6kken, majd a szervezet meger\u0151s\u00f6d\u00e9s\u00e9vel teljesen megsz\u0171nik, hozz\u00e1j\u00e1rulva a testi \u00e9s lelki egyens\u00faly helyre\u00e1ll\u00edt\u00e1s\u00e1hoz.<\/p>\n","protected":false},"excerpt":{"rendered":"<p>A talpreflexol\u00f3gia olyan manu\u00e1lis ter\u00e1pia, amely a talpon \u00e9s a l\u00e1bfejen tal\u00e1lhat\u00f3 idegpontok c\u00e9lzott \u00e9s ism\u00e9tl\u0151d\u0151 ingerl\u00e9s\u00e9vel seg\u00edti a szervezet \u00f6ngy\u00f3gy\u00edt\u00f3 folyamatait. A kezel\u00e9s sor\u00e1n a terapeuta prec\u00edz, hat\u00e1rozott mozdulatokkal dolgozik, amelyek \u00e1tmeneti f\u00e1jdalom\u00e9rzetet is kelthetnek, de ez \u00e1ltal\u00e1ban elviselhet\u0151 \u2013 m\u00e9g gyermekek sz\u00e1m\u00e1ra is. A m\u00f3dszer alapj\u00e1t a f\u00e1jdalomingeren alapul\u00f3 kondicion\u00e1l\u00e1s adja: a f\u00e1jdalom [&hellip;]<\/p>\n","protected":false},"author":1,"featured_media":0,"parent":0,"menu_order":0,"comment_status":"closed","ping_status":"closed","template":"","meta":{"footnotes":""},"class_list":["post-985","page","type-page","status-publish","hentry"],"_links":{"self":[{"href":"https:\/\/mandulaegeszsegkozpont.hu\/index.php?rest_route=\/wp\/v2\/pages\/985","targetHints":{"allow":["GET"]}}],"collection":[{"href":"https:\/\/mandulaegeszsegkozpont.hu\/index.php?rest_route=\/wp\/v2\/pages"}],"about":[{"href":"https:\/\/mandulaegeszsegkozpont.hu\/index.php?rest_route=\/wp\/v2\/types\/page"}],"author":[{"embeddable":true,"href":"https:\/\/mandulaegeszsegkozpont.hu\/index.php?rest_route=\/wp\/v2\/users\/1"}],"replies":[{"embeddable":true,"href":"https:\/\/mandulaegeszsegkozpont.hu\/index.php?rest_route=%2Fwp%2Fv2%2Fcomments&post=985"}],"version-history":[{"count":1,"href":"https:\/\/mandulaegeszsegkozpont.hu\/index.php?rest_route=\/wp\/v2\/pages\/985\/revisions"}],"predecessor-version":[{"id":986,"href":"https:\/\/mandulaegeszsegkozpont.hu\/index.php?rest_route=\/wp\/v2\/pages\/985\/revisions\/986"}],"wp:attachment":[{"href":"https:\/\/mandulaegeszsegkozpont.hu\/index.php?rest_route=%2Fwp%2Fv2%2Fmedia&parent=985"}],"curies":[{"name":"wp","href":"https:\/\/api.w.org\/{rel}","templated":true}]}}